{"id":9499,"date":"2024-08-01T17:09:00","date_gmt":"2024-08-01T09:09:00","guid":{"rendered":"https:\/\/www.sogaworks.com\/?page_id=9499"},"modified":"2024-08-21T18:11:21","modified_gmt":"2024-08-21T10:11:21","slug":"guides","status":"publish","type":"page","link":"https:\/\/www.sogaworks.com\/es\/resources\/guides\/","title":{"rendered":"Gu\u00edas"},"content":{"rendered":"<div data-elementor-type=\"wp-page\" data-elementor-id=\"9499\" class=\"elementor elementor-9499\" data-elementor-post-type=\"page\">\n\t\t\t\t<div class=\"elementor-element elementor-element-a64b722 e-con-full e-flex e-con e-parent\" data-id=\"a64b722\" data-element_type=\"container\" data-settings=\"{&quot;background_background&quot;:&quot;classic&quot;}\">\n\t\t<div class=\"elementor-element elementor-element-895e723 e-con-full e-flex e-con e-child\" data-id=\"895e723\" data-element_type=\"container\">\n\t\t\t\t<div class=\"elementor-element elementor-element-55b41d1 elementor-widget elementor-widget-heading\" data-id=\"55b41d1\" data-element_type=\"widget\" data-settings=\"{&quot;ekit_we_effect_on&quot;:&quot;none&quot;}\" data-widget_type=\"heading.default\">\n\t\t\t\t<div class=\"elementor-widget-container\">\n\t\t\t\t\t<h1 class=\"elementor-heading-title elementor-size-default\">Gu\u00edas<\/h1>\t\t\t\t<\/div>\n\t\t\t\t<\/div>\n\t\t\t\t<div class=\"elementor-element elementor-element-5bd8cba elementor-widget__width-initial elementor-widget elementor-widget-text-editor\" data-id=\"5bd8cba\" data-element_type=\"widget\" data-settings=\"{&quot;ekit_we_effect_on&quot;:&quot;none&quot;}\" data-widget_type=\"text-editor.default\">\n\t\t\t\t<div class=\"elementor-widget-container\">\n\t\t\t\t\t\t\t\t\t<p>Acceda a gu\u00edas de dise\u00f1o y consejos pr\u00e1cticos para todos los procesos, incluidas gu\u00edas de dise\u00f1o de mecanizado CNC, gu\u00edas de fabricaci\u00f3n de chapa met\u00e1lica y mucho m\u00e1s.<\/p>\t\t\t\t\t\t\t\t<\/div>\n\t\t\t\t<\/div>\n\t\t\t\t<\/div>\n\t\t\t\t<\/div>\n\t\t<div class=\"elementor-element elementor-element-18a9c2f e-flex e-con-boxed e-con e-parent\" data-id=\"18a9c2f\" data-element_type=\"container\" data-settings=\"{&quot;background_background&quot;:&quot;classic&quot;}\">\n\t\t\t\t\t<div class=\"e-con-inner\">\n\t\t\t\t<div class=\"elementor-element elementor-element-c115b02 elementor-grid-3 elementor-grid-tablet-2 elementor-grid-mobile-1 elementor-posts--thumbnail-top elementor-card-shadow-yes elementor-posts__hover-gradient elementor-widget elementor-widget-posts\" data-id=\"c115b02\" data-element_type=\"widget\" data-settings=\"{&quot;pagination_type&quot;:&quot;numbers_and_prev_next&quot;,&quot;cards_row_gap&quot;:{&quot;unit&quot;:&quot;px&quot;,&quot;size&quot;:40,&quot;sizes&quot;:[]},&quot;cards_columns&quot;:&quot;3&quot;,&quot;cards_columns_tablet&quot;:&quot;2&quot;,&quot;cards_columns_mobile&quot;:&quot;1&quot;,&quot;cards_row_gap_tablet&quot;:{&quot;unit&quot;:&quot;px&quot;,&quot;size&quot;:&quot;&quot;,&quot;sizes&quot;:[]},&quot;cards_row_gap_mobile&quot;:{&quot;unit&quot;:&quot;px&quot;,&quot;size&quot;:&quot;&quot;,&quot;sizes&quot;:[]},&quot;ekit_we_effect_on&quot;:&quot;none&quot;}\" data-widget_type=\"posts.cards\">\n\t\t\t\t<div class=\"elementor-widget-container\">\n\t\t\t\t\t\t\t<div class=\"elementor-posts-container elementor-posts elementor-posts--skin-cards elementor-grid\">\n\t\t\t\t<article class=\"elementor-post elementor-grid-item post-9576 post type-post status-publish format-standard has-post-thumbnail hentry category-sheet-metal-fabrication tag-design-guides\">\n\t\t\t<div class=\"elementor-post__card\">\n\t\t\t\t<a class=\"elementor-post__thumbnail__link\" href=\"https:\/\/www.sogaworks.com\/es\/blogs\/design-guide-for-sheet-metal-bending\/\" tabindex=\"-1\" ><div class=\"elementor-post__thumbnail\"><img fetchpriority=\"high\" decoding=\"async\" width=\"1920\" height=\"1080\" src=\"https:\/\/www.sogaworks.com\/wp-content\/uploads\/2024\/08\/Design-guides-for-sheet-metal-fabrication.jpg\" class=\"attachment-full size-full wp-image-9629\" alt=\"Gu\u00edas de dise\u00f1o para el plegado de chapa\" srcset=\"https:\/\/www.sogaworks.com\/wp-content\/uploads\/2024\/08\/Design-guides-for-sheet-metal-fabrication.jpg 1920w, https:\/\/www.sogaworks.com\/wp-content\/uploads\/2024\/08\/Design-guides-for-sheet-metal-fabrication-300x169.jpg 300w, https:\/\/www.sogaworks.com\/wp-content\/uploads\/2024\/08\/Design-guides-for-sheet-metal-fabrication-1024x576.jpg 1024w, https:\/\/www.sogaworks.com\/wp-content\/uploads\/2024\/08\/Design-guides-for-sheet-metal-fabrication-768x432.jpg 768w, https:\/\/www.sogaworks.com\/wp-content\/uploads\/2024\/08\/Design-guides-for-sheet-metal-fabrication-1536x864.jpg 1536w\" sizes=\"(max-width: 1920px) 100vw, 1920px\" \/><\/div><\/a>\n\t\t\t\t<div class=\"elementor-post__text\">\n\t\t\t\t<h3 class=\"elementor-post__title\">\n\t\t\t<a href=\"https:\/\/www.sogaworks.com\/es\/blogs\/design-guide-for-sheet-metal-bending\/\" >\n\t\t\t\tGu\u00eda de dise\u00f1o para el plegado de chapa met\u00e1lica\t\t\t<\/a>\n\t\t<\/h3>\n\t\t\t\t<div class=\"elementor-post__excerpt\">\n\t\t\t<p>Para conseguir mejores resultados en el plegado de chapa, debe tener en cuenta las siguientes directrices a la hora de dise\u00f1ar piezas de chapa.<\/p>\n\t\t<\/div>\n\t\t\t\t\t<div class=\"elementor-post__read-more-wrapper\">\n\t\t\n\t\t<a class=\"elementor-post__read-more\" href=\"https:\/\/www.sogaworks.com\/es\/blogs\/design-guide-for-sheet-metal-bending\/\" aria-label=\"Read more about Design Guide For Sheet Metal Bending\" tabindex=\"-1\" >\n\t\t\tLeer M\u00e1s \"\t\t<\/a>\n\n\t\t\t\t\t<\/div>\n\t\t\t\t<\/div>\n\t\t\t\t\t<\/div>\n\t\t<\/article>\n\t\t\t\t<article class=\"elementor-post elementor-grid-item post-9444 post type-post status-publish format-standard has-post-thumbnail hentry category-cnc-machining tag-design-guides\">\n\t\t\t<div class=\"elementor-post__card\">\n\t\t\t\t<a class=\"elementor-post__thumbnail__link\" href=\"https:\/\/www.sogaworks.com\/es\/blogs\/design-guide-for-cnc-machining\/\" tabindex=\"-1\" ><div class=\"elementor-post__thumbnail\"><img decoding=\"async\" width=\"1920\" height=\"1080\" src=\"https:\/\/www.sogaworks.com\/wp-content\/uploads\/2024\/08\/CNC-machining-design-guide-1.jpg\" class=\"attachment-full size-full wp-image-9471\" alt=\"Gu\u00eda de dise\u00f1o de mecanizado CNC\" srcset=\"https:\/\/www.sogaworks.com\/wp-content\/uploads\/2024\/08\/CNC-machining-design-guide-1.jpg 1920w, https:\/\/www.sogaworks.com\/wp-content\/uploads\/2024\/08\/CNC-machining-design-guide-1-300x169.jpg 300w, https:\/\/www.sogaworks.com\/wp-content\/uploads\/2024\/08\/CNC-machining-design-guide-1-1024x576.jpg 1024w, https:\/\/www.sogaworks.com\/wp-content\/uploads\/2024\/08\/CNC-machining-design-guide-1-768x432.jpg 768w, https:\/\/www.sogaworks.com\/wp-content\/uploads\/2024\/08\/CNC-machining-design-guide-1-1536x864.jpg 1536w\" sizes=\"(max-width: 1920px) 100vw, 1920px\" \/><\/div><\/a>\n\t\t\t\t<div class=\"elementor-post__text\">\n\t\t\t\t<h3 class=\"elementor-post__title\">\n\t\t\t<a href=\"https:\/\/www.sogaworks.com\/es\/blogs\/design-guide-for-cnc-machining\/\" >\n\t\t\t\tGu\u00eda de dise\u00f1o para el mecanizado CNC\t\t\t<\/a>\n\t\t<\/h3>\n\t\t\t\t<div class=\"elementor-post__excerpt\">\n\t\t\t<p>El mecanizado CNC se utiliza ampliamente en diversas industrias debido a su precisi\u00f3n y velocidad. Para aprovechar al m\u00e1ximo esta avanzada tecnolog\u00eda, es esencial comprender una serie de directrices de dise\u00f1o a la hora de dise\u00f1ar proyectos de mecanizado CNC.<\/p>\n\t\t<\/div>\n\t\t\t\t\t<div class=\"elementor-post__read-more-wrapper\">\n\t\t\n\t\t<a class=\"elementor-post__read-more\" href=\"https:\/\/www.sogaworks.com\/es\/blogs\/design-guide-for-cnc-machining\/\" aria-label=\"Read more about Design Guide For CNC Machining\" tabindex=\"-1\" >\n\t\t\tLeer M\u00e1s \"\t\t<\/a>\n\n\t\t\t\t\t<\/div>\n\t\t\t\t<\/div>\n\t\t\t\t\t<\/div>\n\t\t<\/article>\n\t\t\t\t<\/div>\n\t\t\n\t\t\t\t\t\t<\/div>\n\t\t\t\t<\/div>\n\t\t\t\t\t<\/div>\n\t\t\t\t<\/div>\n\t\t<div class=\"elementor-element elementor-element-c691598 e-flex e-con-boxed e-con e-parent\" data-id=\"c691598\" data-element_type=\"container\" data-settings=\"{&quot;background_background&quot;:&quot;classic&quot;}\">\n\t\t\t\t\t<div class=\"e-con-inner\">\n\t\t<div class=\"elementor-element elementor-element-a7bde13 e-flex e-con-boxed e-con e-child\" data-id=\"a7bde13\" data-element_type=\"container\" data-settings=\"{&quot;background_background&quot;:&quot;classic&quot;}\">\n\t\t\t\t\t<div class=\"e-con-inner\">\n\t\t\t\t<div class=\"elementor-element elementor-element-1252d4e elementor-widget elementor-widget-heading\" data-id=\"1252d4e\" data-element_type=\"widget\" data-settings=\"{&quot;ekit_we_effect_on&quot;:&quot;none&quot;}\" data-widget_type=\"heading.default\">\n\t\t\t\t<div class=\"elementor-widget-container\">\n\t\t\t\t\t<h2 class=\"elementor-heading-title elementor-size-default\">Inicie sus proyectos personalizados<\/h2>\t\t\t\t<\/div>\n\t\t\t\t<\/div>\n\t\t\t\t<div class=\"elementor-element elementor-element-5e51bdd elementor-widget elementor-widget-button\" data-id=\"5e51bdd\" data-element_type=\"widget\" data-settings=\"{&quot;ekit_we_effect_on&quot;:&quot;none&quot;}\" data-widget_type=\"button.default\">\n\t\t\t\t<div class=\"elementor-widget-container\">\n\t\t\t\t\t\t\t\t\t<div class=\"elementor-button-wrapper\">\n\t\t\t\t\t<a class=\"elementor-button elementor-button-link elementor-size-sm\" href=\"https:\/\/www.sogaworks.com\/client\/#\/quote\">\n\t\t\t\t\t\t<span class=\"elementor-button-content-wrapper\">\n\t\t\t\t\t\t\t\t\t<span class=\"elementor-button-text\">Presupuesto inmediato<\/span>\n\t\t\t\t\t<\/span>\n\t\t\t\t\t<\/a>\n\t\t\t\t<\/div>\n\t\t\t\t\t\t\t\t<\/div>\n\t\t\t\t<\/div>\n\t\t\t\t\t<\/div>\n\t\t\t\t<\/div>\n\t\t\t\t\t<\/div>\n\t\t\t\t<\/div>\n\t\t\t\t<\/div>","protected":false},"excerpt":{"rendered":"<p>Guides Get access to design guides, and practical tips for all processes, including CNC machining design guides, sheet metal fabrication guides and more. Start Your Custom Projects! Get Instant Quote<\/p>","protected":false},"author":1,"featured_media":0,"parent":246,"menu_order":0,"comment_status":"closed","ping_status":"closed","template":"","meta":{"_kad_post_transparent":"","_kad_post_title":"hide","_kad_post_layout":"fullwidth","_kad_post_sidebar_id":"","_kad_post_content_style":"unboxed","_kad_post_vertical_padding":"hide","_kad_post_feature":"hide","_kad_post_feature_position":"","_kad_post_header":false,"_kad_post_footer":false,"footnotes":""},"class_list":["post-9499","page","type-page","status-publish","hentry"],"yoast_head":"<!-- This site is optimized with the Yoast SEO plugin v26.3 - https:\/\/yoast.com\/wordpress\/plugins\/seo\/ -->\n<title>Design Guides | SogaWorks<\/title>\n<meta name=\"description\" content=\"You can find design guidelines, and practical tips for all manufacturing processes, including CNC machining, sheet metal, urethane casting.\" \/>\n<meta name=\"robots\" content=\"index, follow, max-snippet:-1, max-image-preview:large, max-video-preview:-1\" \/>\n<link rel=\"canonical\" href=\"https:\/\/www.sogaworks.com\/es\/resources\/guides\/\" \/>\n<meta property=\"og:locale\" content=\"es_ES\" \/>\n<meta property=\"og:type\" content=\"article\" \/>\n<meta property=\"og:title\" content=\"Design Guides | SogaWorks\" \/>\n<meta property=\"og:description\" content=\"You can find design guidelines, and practical tips for all manufacturing processes, including CNC machining, sheet metal, urethane casting.\" \/>\n<meta property=\"og:url\" content=\"https:\/\/www.sogaworks.com\/es\/resources\/guides\/\" \/>\n<meta property=\"og:site_name\" content=\"SogaWorks\" \/>\n<meta property=\"article:modified_time\" content=\"2024-08-21T10:11:21+00:00\" \/>\n<meta name=\"twitter:card\" content=\"summary_large_image\" \/>\n<meta name=\"twitter:label1\" content=\"Tiempo de lectura\" \/>\n\t<meta name=\"twitter:data1\" content=\"1 minuto\" \/>\n<script type=\"application\/ld+json\" class=\"yoast-schema-graph\">{\"@context\":\"https:\/\/schema.org\",\"@graph\":[{\"@type\":\"WebPage\",\"@id\":\"https:\/\/www.sogaworks.com\/es\/resources\/guides\/\",\"url\":\"https:\/\/www.sogaworks.com\/es\/resources\/guides\/\",\"name\":\"Design Guides | SogaWorks\",\"isPartOf\":{\"@id\":\"https:\/\/www.sogaworks.com\/es\/#website\"},\"datePublished\":\"2024-08-01T09:09:00+00:00\",\"dateModified\":\"2024-08-21T10:11:21+00:00\",\"description\":\"You can find design guidelines, and practical tips for all manufacturing processes, including CNC machining, sheet metal, urethane casting.\",\"breadcrumb\":{\"@id\":\"https:\/\/www.sogaworks.com\/es\/resources\/guides\/#breadcrumb\"},\"inLanguage\":\"es\",\"potentialAction\":[{\"@type\":\"ReadAction\",\"target\":[\"https:\/\/www.sogaworks.com\/es\/resources\/guides\/\"]}]},{\"@type\":\"BreadcrumbList\",\"@id\":\"https:\/\/www.sogaworks.com\/es\/resources\/guides\/#breadcrumb\",\"itemListElement\":[{\"@type\":\"ListItem\",\"position\":1,\"name\":\"Home\",\"item\":\"https:\/\/www.sogaworks.com\/\"},{\"@type\":\"ListItem\",\"position\":2,\"name\":\"Resources\",\"item\":\"https:\/\/www.sogaworks.com\/es\/resources\/\"},{\"@type\":\"ListItem\",\"position\":3,\"name\":\"Guides\"}]},{\"@type\":\"WebSite\",\"@id\":\"https:\/\/www.sogaworks.com\/es\/#website\",\"url\":\"https:\/\/www.sogaworks.com\/es\/\",\"name\":\"sogaworks.com\",\"description\":\"\",\"publisher\":{\"@id\":\"https:\/\/www.sogaworks.com\/es\/#organization\"},\"potentialAction\":[{\"@type\":\"SearchAction\",\"target\":{\"@type\":\"EntryPoint\",\"urlTemplate\":\"https:\/\/www.sogaworks.com\/es\/?s={search_term_string}\"},\"query-input\":{\"@type\":\"PropertyValueSpecification\",\"valueRequired\":true,\"valueName\":\"search_term_string\"}}],\"inLanguage\":\"es\"},{\"@type\":\"Organization\",\"@id\":\"https:\/\/www.sogaworks.com\/es\/#organization\",\"name\":\"SogaWorks\",\"alternateName\":\"SogaWorks\",\"url\":\"https:\/\/www.sogaworks.com\/es\/\",\"logo\":{\"@type\":\"ImageObject\",\"inLanguage\":\"es\",\"@id\":\"https:\/\/www.sogaworks.com\/es\/#\/schema\/logo\/image\/\",\"url\":\"https:\/\/www.sogaworks.com\/wp-content\/uploads\/2024\/04\/logo-en-combination.png\",\"contentUrl\":\"https:\/\/www.sogaworks.com\/wp-content\/uploads\/2024\/04\/logo-en-combination.png\",\"width\":1288,\"height\":256,\"caption\":\"SogaWorks\"},\"image\":{\"@id\":\"https:\/\/www.sogaworks.com\/es\/#\/schema\/logo\/image\/\"}}]}<\/script>\n<!-- \/ Yoast SEO plugin. -->","yoast_head_json":{"title":"Design Guides | SogaWorks","description":"You can find design guidelines, and practical tips for all manufacturing processes, including CNC machining, sheet metal, urethane casting.","robots":{"index":"index","follow":"follow","max-snippet":"max-snippet:-1","max-image-preview":"max-image-preview:large","max-video-preview":"max-video-preview:-1"},"canonical":"https:\/\/www.sogaworks.com\/es\/resources\/guides\/","og_locale":"es_ES","og_type":"article","og_title":"Design Guides | SogaWorks","og_description":"You can find design guidelines, and practical tips for all manufacturing processes, including CNC machining, sheet metal, urethane casting.","og_url":"https:\/\/www.sogaworks.com\/es\/resources\/guides\/","og_site_name":"SogaWorks","article_modified_time":"2024-08-21T10:11:21+00:00","twitter_card":"summary_large_image","twitter_misc":{"Tiempo de lectura":"1 minuto"},"schema":{"@context":"https:\/\/schema.org","@graph":[{"@type":"WebPage","@id":"https:\/\/www.sogaworks.com\/es\/resources\/guides\/","url":"https:\/\/www.sogaworks.com\/es\/resources\/guides\/","name":"Design Guides | SogaWorks","isPartOf":{"@id":"https:\/\/www.sogaworks.com\/es\/#website"},"datePublished":"2024-08-01T09:09:00+00:00","dateModified":"2024-08-21T10:11:21+00:00","description":"You can find design guidelines, and practical tips for all manufacturing processes, including CNC machining, sheet metal, urethane casting.","breadcrumb":{"@id":"https:\/\/www.sogaworks.com\/es\/resources\/guides\/#breadcrumb"},"inLanguage":"es","potentialAction":[{"@type":"ReadAction","target":["https:\/\/www.sogaworks.com\/es\/resources\/guides\/"]}]},{"@type":"BreadcrumbList","@id":"https:\/\/www.sogaworks.com\/es\/resources\/guides\/#breadcrumb","itemListElement":[{"@type":"ListItem","position":1,"name":"Home","item":"https:\/\/www.sogaworks.com\/"},{"@type":"ListItem","position":2,"name":"Resources","item":"https:\/\/www.sogaworks.com\/es\/resources\/"},{"@type":"ListItem","position":3,"name":"Guides"}]},{"@type":"WebSite","@id":"https:\/\/www.sogaworks.com\/es\/#website","url":"https:\/\/www.sogaworks.com\/es\/","name":"sogaworks.com","description":"","publisher":{"@id":"https:\/\/www.sogaworks.com\/es\/#organization"},"potentialAction":[{"@type":"SearchAction","target":{"@type":"EntryPoint","urlTemplate":"https:\/\/www.sogaworks.com\/es\/?s={search_term_string}"},"query-input":{"@type":"PropertyValueSpecification","valueRequired":true,"valueName":"search_term_string"}}],"inLanguage":"es"},{"@type":"Organization","@id":"https:\/\/www.sogaworks.com\/es\/#organization","name":"SogaWorks","alternateName":"SogaWorks","url":"https:\/\/www.sogaworks.com\/es\/","logo":{"@type":"ImageObject","inLanguage":"es","@id":"https:\/\/www.sogaworks.com\/es\/#\/schema\/logo\/image\/","url":"https:\/\/www.sogaworks.com\/wp-content\/uploads\/2024\/04\/logo-en-combination.png","contentUrl":"https:\/\/www.sogaworks.com\/wp-content\/uploads\/2024\/04\/logo-en-combination.png","width":1288,"height":256,"caption":"SogaWorks"},"image":{"@id":"https:\/\/www.sogaworks.com\/es\/#\/schema\/logo\/image\/"}}]}},"_links":{"self":[{"href":"https:\/\/www.sogaworks.com\/es\/wp-json\/wp\/v2\/pages\/9499","targetHints":{"allow":["GET"]}}],"collection":[{"href":"https:\/\/www.sogaworks.com\/es\/wp-json\/wp\/v2\/pages"}],"about":[{"href":"https:\/\/www.sogaworks.com\/es\/wp-json\/wp\/v2\/types\/page"}],"author":[{"embeddable":true,"href":"https:\/\/www.sogaworks.com\/es\/wp-json\/wp\/v2\/users\/1"}],"replies":[{"embeddable":true,"href":"https:\/\/www.sogaworks.com\/es\/wp-json\/wp\/v2\/comments?post=9499"}],"version-history":[{"count":0,"href":"https:\/\/www.sogaworks.com\/es\/wp-json\/wp\/v2\/pages\/9499\/revisions"}],"up":[{"embeddable":true,"href":"https:\/\/www.sogaworks.com\/es\/wp-json\/wp\/v2\/pages\/246"}],"wp:attachment":[{"href":"https:\/\/www.sogaworks.com\/es\/wp-json\/wp\/v2\/media?parent=9499"}],"curies":[{"name":"wp","href":"https:\/\/api.w.org\/{rel}","templated":true}]}}